{"id":1989,"date":"2017-09-25T15:51:16","date_gmt":"2017-09-25T13:51:16","guid":{"rendered":"http:\/\/dimaq.net\/aviso-legal\/"},"modified":"2018-04-03T12:42:56","modified_gmt":"2018-04-03T10:42:56","slug":"legal-warning","status":"publish","type":"page","link":"https:\/\/dimaq.net\/en\/legal-warning\/","title":{"rendered":"Aviso legal"},"content":{"rendered":"<h2>Legal warning<\/h2>\n<p>This legal warning (henceforth, el &#8220;Legal Warning&#8221;) regulates the use of the Internet portal service <a href=\"http:\/\/www.dimaq.net\" target=\"_blank\" rel=\"noopener\">http:\/\/www.dimaq.net<\/a> (henceforth, the &#8220;Web&#8221;) from DIMAQ XXI S.L. based in Pol. Txiplau, Pab. 13.1, 20280 Hondarribia, Gipuzkoa, with CIF B20797528.<\/p>\n<h3>Legislation<\/h3>\n<p>In general, relations between DIMAQ XXI S.L. and users of their telematic services, over the Internet, are submitted to Spanish legislation and jurisdiction.<br \/>\nThe parties expressly renounce any local law that might correspond to them and are expressly submitted to the Bilbao Courts of Law to resolve any controversy that might emerge in interpreting or performing the present contractual conditions.<\/p>\n<h3>Content and use<\/h3>\n<p>The User is informed and accepts that accessing this website does not in any way represent the start of a commercial relationship with DIMAQ XXI S.L. The website owner does not identify with the opinions made in it by its participants. The Company reserves the right to carry out any modifications, without prior warning, that it considers opportune on its website, being able to change, delete or add both the contents and services that are provided through it and the way in which they appear presented or located in their servers.<\/p>\n<h3>Intellectual and industrial property<\/h3>\n<p>The intellectual property rights for the website content, its graphic design and codes are the property of DIMAQ XXI S.L. and therefore, it is prohibited to reproduce them, distribute them, publically communicate them, transform them or perform any other type of activity possible on its website contents, not even quoting the sources, except when written consent has been given by DIMAQ XXI S.L. All trade names, brands or different signs of any type contained in the Company&#8221;s website are the property of their owners and are protected by law.<\/p>\n<h3>Links<\/h3>\n<p>The links are present on the DIMAQ XXI S.L. website merely for informative purposes and in no case do they represent a suggestion, invitation or recommendation.<\/p>\n<h3>Confidentiality and data protection<\/h3>\n<p>For the purposes of what appears in Organic Law 15\/1999, dated 13th December, on Personal Data Protection, DIMAQ XXI S.L. informs the User of the existence of an automated personal data file created by and for DIMAQ XXI S.L. and under their responsibility, in order to maintain and manage the relationship with the user and for information tasks. When accepting these general conditions, DIMAQ XXI S.L. will require the user to compile some essential data to be able to provide their services.<\/p>\n<h3>Registry of files and forms<\/h3>\n<p>Filling out the registration form is compulsory to access and enjoy certain services offered on the web. Not providing the personal data requested or not accepting this data protection policy means that it is impossible to subscribe, register or participate in any of the promotions requesting personal data.<br \/>\nIn accordance with what is established by Organic Law 15\/1999, dated 13th December, on Personal Data Protection, we are informing you that the personal data obtained as a consequence of registering as a User will be included in a file owned by DIMAQ XXI S.L. with C.I.F B20797528 based in Pol. Txiplau, Pab. 13.1, 20280 Hondarribia, Gipuzkoa, having implemented the security measures established in Royal Decree 1720\/2007, dated 11th June.<\/p>\n<h3>Accuracy and veracity of the data provided<\/h3>\n<p>The User is solely responsible for the veracity and correctness of the data included, exonerating DIMAQ XXI S.L. from any responsibility in this regard. The users guarantee and answer, in any case, to the accuracy, validity and authenticity of the personal data provided and they promise to keep them duly updated. The user accepts to provide complete and correct information on the registration or subscription form. DIMAQ XXI S.L. does not answer for the veracity of the information that it does not produce itself and that is indicated by another source, so that it does not assume any responsibility either regarding hypothetical damage that might originate from using this information. DIMAQ XXI S.L. reserves the right to update, modify or eliminate the information contained in its websites and can also limit or deny access to this information. DIMAQ XXI S.L. is exonerated from responsibility for any damage or harm that the User might suffer as a consequence of errors, defects or omissions in the information provided by DIMAQ XXI S.L. as long as it comes from sources outside DIMAQ XXI S.L.<\/p>\n<h3>Cookies<\/h3>\n<p>The website [WEB] does not use cookies, considering such physical files as information hosted in the actual user terminal, used to help user browsing in the portal. In any case, the user has the chance to configure the browser to prevent these files from being installed.<\/p>\n<h3>Purposes<\/h3>\n<p>The purposes of DIMAQ XXI S.L. are maintenance and management of the relationship with the User and information tasks.<\/p>\n<h3>Minors<\/h3>\n<p>In the event that some of our services are specifically aimed at minors, DIMAQ XXI S.L. will request the parents or guardians&#8221; permission to compile personal data or, when appropriate, automated data processing.<\/p>\n<h3>Surrendering data to third parties<\/h3>\n<p>DIMAQ XXI S.L. will not surrender user data to third parties.<\/p>\n<h3>Exercising access, rectification, cancellation and opposition rights<\/h3>\n<p>You can send any communication and exercise your rights to access, rectify, cancel and oppose to the Internet address <em>dimaq@dimaq.net<\/em> or by post to DIMAQ XXI S.L., Ref. LOPD, in Pol. Txiplau, Pab. 13.1, 20280 Hondarribia, Gipuzkoa. In order to exercise these rights and in compliance with Instruction 1\/1998, dated 19th January, from the Data Protection Agency, you have to prove your identity with DIMAQ XXI S.L. by means of sending a photocopy of your National Identity Document or any other legal ID. However, it will be possible to modify or rectify your registration data on the actual Site by previously identifying yourself with your user name and password.<\/p>\n<h3>Security measures<\/h3>\n<p>DIMAQ XXI S.L. has adopted the legally required Personal Data security protection levels and aims to instil any other means and additional technical measures within their reach to avoid the loss, poor use, alteration, unauthorised access and theft of Personal Data provided to DIMAQ XXI S.L. who will not be responsible for any possible damage or harm that might be derived from interferences, omissions, interruptions, computer viruses, telephone faults or disconnections in the operation of this electronic system, due to cause outside DIMAQ XXI S.L.; for delays and blockages in the use of this electronic system caused by deficiencies or overloads of the telephone lines or overloads in the Data Process Centre, in the Internet system or in other electronic systems, as well as damage that can be caused by third parties by means of illegitimate involvement outside the control of DIMAQ XXI S.L. However, the User must be aware that the security measures on the Internet are not infallible.<\/p>\n<h3>Acceptance and Consent<\/h3>\n<p>The User declares that they have been informed about the personal data protection conditions, accepting and consenting their automated processing by DIMAQ XXI S.L. , in the form and for the purposes indicated in this Personal Data Protection Policy. Certain services provided in the Portal might contain specific conditions with specific provisions in terms of Personal Data protection.<\/p>\n<h2>Texte l\u00e9gal<\/h2>\n<p>Le pr\u00e9sent texte l\u00e9gal (dor\u00e9navant, l'&#8221;Texte L\u00e9gal&#8221;) r\u00e9glemente l&#8221;utilisation du service du portail d&#8221;Internet <a href=\"http:\/\/www.dimaq.net\" target=\"_blank\" rel=\"noopener\">http:\/\/www.dimaq.net<\/a> (dor\u00e9navant, le &#8220;Site Web&#8221;) de DIMAQ XXI S.L., titulaire du CIF B20797528, dont le si\u00e8ge social est situ\u00e9 \u00e0 Pol. Txiplau, Pab. 13.1, 20280 Hondarribia, Gipuzkoa, Espagne<\/p>\n<h3>L\u00e9gislation<\/h3>\n<p>D&#8221;un point de vue g\u00e9n\u00e9ral, les relations entre DIMAQ XXI S.L. et les Utilisateurs de ses services t\u00e9l\u00e9matiques offerts sur le Site Web sont assujetties \u00e0 la l\u00e9gislation espagnole.<br \/>\nLes parties renoncent express\u00e9ment au droit qui pourrait leur correspondre et se soumettent express\u00e9ment aux Tribunaux de Bilbao pour r\u00e9soudre tout litige susceptible de surgir dans l&#8221;interpr\u00e9tation ou l&#8221;ex\u00e9cution des conditions contractuelles pr\u00e9sentes.<\/p>\n<h3>Contenu et utilisation<\/h3>\n<p>L&#8221;Utilisateur est inform\u00e9 et accepte que l&#8221;acc\u00e8s \u00e0 ce Site Web n&#8221;implique en aucun cas une relation commerciale avec DIMAQ XXI S.L. Le titulaire du Site Web ne s&#8221;identifie en aucun cas avec les opinions formul\u00e9es sur ce dernier par ses collaborateurs. L&#8221;Entreprise se r\u00e9serve le droit d&#8221;effectuer sans avis pr\u00e9alable les modifications qu&#8221;elle jugerait opportunes sur son Site Web, autrement dit modifier, supprimer ou ajouter \u00e0 la fois les contenus et les services pr\u00eat\u00e9s \u00e0 travers le site ainsi que la forme sous laquelle ils apparaissent ou sont localis\u00e9s \u00e0 travers ses serveurs.<\/p>\n<h3>Propri\u00e9t\u00e9 intellectuelle et industrielle<\/h3>\n<p>Les droits de propri\u00e9t\u00e9 intellectuelle du contenu des pages web, leur conception graphique et les codes sont la propri\u00e9t\u00e9 de DIMAQ XXI S.L. et de ce fait, leur reproduction, distribution, communication publique, transformation ou toute autre activit\u00e9 susceptible d&#8221;\u00eatre r\u00e9alis\u00e9e avec les contenus de ses pages web, m\u00eame en citant les sources, est totalement interdite, sauf consentement \u00e9crit de DIMAQ XXI S.L. Tous les noms commerciaux, marques ou signes distinctifs de n&#8221;importe quel contenu des pages web de l&#8221;Entreprise appartiennent \u00e0 leurs propri\u00e9taires et sont prot\u00e9g\u00e9s par la loi.<\/p>\n<h3>Liens (links)<\/h3>\n<p>La pr\u00e9sence de liens (links) sur les pages web de DIMAQ XXI S.L. ont une fin purement informative et ne supposent en aucun cas une suggestion, invitation ou recommandation les concernant.<\/p>\n<h3>Confidentialit\u00e9 et protection des donn\u00e9es<\/h3>\n<p>Aux effets des dispositions de la Loi Organique 15\/1999, du 13 d\u00e9cembre, sur la Protection des Donn\u00e9es \u00e0 Caract\u00e8re Personnel, DIMAQ XXI S.L. informe l&#8221;Utilisateur de l&#8221;existence d&#8221;un fichier automatis\u00e9 de donn\u00e9es \u00e0 caract\u00e8re personnel cr\u00e9\u00e9 par et pour DIMAQ XXI S.L. et sous sa responsabilit\u00e9, aux fins de maintenance et de gestion de la relation avec l&#8221;Utilisateur, ainsi qu&#8221;\u00e0 des fins d&#8221;information. Au moment de l&#8221;acceptation des conditions g\u00e9n\u00e9rales pr\u00e9sentes, DIMAQ XXI S.L. demandera \u00e0 l&#8221;Utilisateur des donn\u00e9es indispensables \u00e0 la prestation de ses services.<\/p>\n<h3>Registre de fichiers et formulaires<\/h3>\n<p>Il est obligatoire de remplir le formulaire d&#8221;inscription pour acc\u00e9der et utiliser certains services offerts sur le Site Web. La non fourniture des donn\u00e9es personnelles demand\u00e9es ou la non acceptation de la politique de protection des donn\u00e9es pr\u00e9sente entra\u00eene l&#8221;impossibilit\u00e9 de s&#8221;abonner, de s&#8221;inscrire ou de participer aux promotions qui requi\u00e8rent des donn\u00e9es \u00e0 caract\u00e8re personnel.<br \/>\nConform\u00e9ment aux dispositions de la Loi Organique 15\/1999, du 13 d\u00e9cembre, sur la Protection des Donn\u00e9es \u00e0 Caract\u00e8re Personnel, nous vous informons que les donn\u00e9es personnelles obtenues comme cons\u00e9quence de votre inscription en tant qu&#8221;Utilisateur, seront incorpor\u00e9es \u00e0 un fichier appartenant \u00e0 DIMAQ XXI S.L., titulaire du C.I.F B20797528 et ayant son domicile \u00e0 Pol. Txiplau, Pab. 13.1, 20280 Hondarribia, Gipuzkoa, Espagne et que celle-ci a implant\u00e9 les mesures de s\u00e9curit\u00e9 \u00e9tablies par le D\u00e9cret Royal 1720\/2007, du 11 juin.<\/p>\n<h3>Exactitude et v\u00e9racit\u00e9 des donn\u00e9es fournies<\/h3>\n<p>L&#8221;Utilisateur sera seul responsable de la v\u00e9racit\u00e9 et de l&#8221;exactitude des donn\u00e9es incorpor\u00e9es, DIMAQ XXI S.L. \u00e9tant ainsi exon\u00e9r\u00e9e de toute responsabilit\u00e9 \u00e0 cet \u00e9gard. Les utilisateurs garantissent et r\u00e9pondent dans tous les cas de l&#8221;exactitude, actualit\u00e9 et authenticit\u00e9 des donn\u00e9es personnelles fournies et s&#8221;engagent \u00e0 les maintenir \u00e0 jour. En remplissant le formulaire d&#8221;inscription ou d&#8221;abonnement, l&#8221;Utilisateur accepte de fournir une information compl\u00e8te et correcte. DIMAQ XXI S.L. ne r\u00e9pondra pas de la v\u00e9racit\u00e9 des informations qui ne seraient pas \u00e9labor\u00e9es par elle-m\u00eame et pour lesquelles une autre source serait indiqu\u00e9e, et n&#8221;assumera donc aucune responsabilit\u00e9 \u00e0 l&#8221;\u00e9gard d&#8221;\u00e9ventuels pr\u00e9judices qui pourraient survenir comme cons\u00e9quence de l&#8221;utilisation de cette information. DIMAQ XXI S.L. se r\u00e9serve le droit de mettre \u00e0 jour, modifier ou \u00e9liminer l&#8221;information contenu sur ses pages web, et m\u00eame de limiter ou d&#8221;interdire l&#8221;acc\u00e8s \u00e0 cette information. DIMAQ XXI S.L. sera exon\u00e9r\u00e9e de toute responsabilit\u00e9 vis-\u00e0-vis de tout dommage ou pr\u00e9judice qui pourrait affecter l&#8221;Utilisateur comme cons\u00e9quence d&#8221;erreurs, d\u00e9fauts ou omissions dans l&#8221;information fournie par DIMAQ XXI S.L. \u00e0 condition que cette information provienne de sources \u00e9trang\u00e8res \u00e0 DIMAQ XXI S.L.<\/p>\n<h3>Cookies<\/h3>\n<p>Le Site [WEB] n&#8221;utilise pas de cookies, \u00e9tant consid\u00e9r\u00e9s comme tels les fichiers d&#8221;information physiques h\u00e9berg\u00e9s sur le propre terminal de l&#8221;utilisateur qui servent \u00e0 faciliter la navigation de ce dernier sur le portail. Quoi qu&#8221;il en soit, l&#8221;Utilisateur a la possibilit\u00e9 de configurer le navigateur de fa\u00e7on \u00e0 emp\u00eacher l&#8221;installation de ces fichiers.<\/p>\n<h3>Finalit\u00e9s<\/h3>\n<p>Les finalit\u00e9s de DIMAQ XXI S.L. sont la maintenance et la gestion de la relation avec l&#8221;Utilisateur, ainsi que des activit\u00e9s d&#8221;information.<\/p>\n<h3>Mineurs<\/h3>\n<p>Dans l&#8221;hypoth\u00e8se o\u00f9 certains de nos services seraient dirig\u00e9s sp\u00e9cifiquement \u00e0 des mineurs, DIMAQ XXI S.L. demandera aux parents ou tuteurs leur consentement pour le recueil des donn\u00e9es personnelles ou, le cas \u00e9ch\u00e9ant, pour le traitement automatis\u00e9 des donn\u00e9es.<\/p>\n<h3>Cession de donn\u00e9es \u00e0 des tiers<\/h3>\n<p>DIMAQ XXI S.L. ne proc\u00e8dera \u00e0 aucune cession de donn\u00e9es des utilisateurs \u00e0 des tiers.<\/p>\n<h3>Exercice des droits d&#8221;acc\u00e8s, rectification, annulation et opposition<\/h3>\n<p>L&#8221;Utilisateur pourra adresser ses communications et exercer ses droits d&#8221;acc\u00e8s, rectification, annulation et opposition en envoyant un email \u00e0 l&#8221;adresse <em>dimaq@dimaq.net<\/em> ou par courrier ordinaire \u00e0 DIMAQ XXI S.L., Ref. LOPD, Pol. Txiplau, Pab. 13.1, 20280 Hondarribia, Gipuzkoa, Espagne. Pour l&#8221;exercice de ces droits et conform\u00e9ment \u00e0 l&#8221;Instruction 1\/1998, du 19 janvier, de l&#8221;Agence de Protection des Donn\u00e9es, il est indispensable que l&#8221;Utilisateur accr\u00e9dite son identit\u00e9 vis-\u00e0-vis de DIMAQ XXI S.L. en joignant une photocopie de sa Pi\u00e8ce d&#8221;Identit\u00e9 ou par tout autre moyen valide en Droit. N\u00e9anmoins, l&#8221;Utilisateur pourra modifier ou rectifier ses donn\u00e9es d&#8221;inscription sur le propre Site en s&#8221;identifiant avec son code d&#8221;utilisateur et son mot de passe.<\/p>\n<h3>Mesures de s\u00e9curit\u00e9<\/h3>\n<p>DIMAQ XXI S.L. a adopt\u00e9 les niveaux de s\u00e9curit\u00e9 requis par la loi en mati\u00e8re de Protection des Donn\u00e9es Personnelles et s&#8221;efforce d&#8221;installer tous autres moyens et mesures techniques \u00e0 sa port\u00e9e pour \u00e9viter la perte, mauvaise utilisation, alt\u00e9ration, acc\u00e8s non autoris\u00e9 ou vol des Donn\u00e9es Personnelles fournies. DIMAQ XXI S.L. ne sera pas responsable d&#8221;\u00e9ventuels dommages ou pr\u00e9judices qui pourraient d\u00e9couler d&#8221;interf\u00e9rences, omissions, interruptions, virus informatiques, pannes t\u00e9l\u00e9phoniques ou coupures dans le fonctionnement op\u00e9rationnel de ce syst\u00e8me \u00e9lectronique, dus \u00e0 des causes \u00e9trang\u00e8res \u00e0 DIMAQ XXI S.L. ; de retards ou de blocages dans l&#8221;utilisation du pr\u00e9sent syst\u00e8me \u00e9lectronique caus\u00e9s par des d\u00e9ficiences ou surcharges de lignes t\u00e9l\u00e9phoniques ou surcharges dans le Centre de Traitement de Donn\u00e9es, dans le syst\u00e8me Internet ou autres syst\u00e8mes \u00e9lectroniques, ainsi que des dommages qui pourraient \u00eatre caus\u00e9s par des tiers \u00e0 travers des intrusions ill\u00e9gitimes qui \u00e9chapperaient au contr\u00f4le de DIMAQ XXI S.L. Nonobstant tout ce qui pr\u00e9c\u00e8de, l&#8221;Utilisateur doit \u00eatre conscient que les mesures de s\u00e9curit\u00e9 sur Internet ne sont pas infaillibles.<\/p>\n<h3>Acceptation et Consentement<\/h3>\n<p>L&#8221;Utilisateur d\u00e9clare avoir \u00e9t\u00e9 inform\u00e9 des conditions relatives \u00e0 la protection des donn\u00e9es personnelles, et accepte et consent au traitement automatis\u00e9 de ces derni\u00e8res par DIMAQ XXI S.L. , sous la forme et aux fins indiqu\u00e9es dans cette Politique de Protection des Donn\u00e9es Personnelles. Certains services pr\u00eat\u00e9s sur le Portail peuvent contenir des conditions particuli\u00e8res et des dispositions sp\u00e9cifiques en mati\u00e8re de Protection des Donn\u00e9es Personnelles.<\/p>\n","protected":false},"excerpt":{"rendered":"<p>Legal warning This legal warning (henceforth, el &#8220;Legal Warning&#8221;) regulates the use of the Internet portal service http:\/\/www.dimaq.net (henceforth, the &#8220;Web&#8221;) from DIMAQ XXI S.L. based in Pol. Txiplau, Pab. 13.1, 20280 Hondarribia, Gipuzkoa, with CIF B20797528. Legislation In general, relations between DIMAQ XXI S.L. and users of their telematic services, over the Internet, are [&hellip;]<\/p>\n","protected":false},"author":2,"featured_media":0,"parent":0,"menu_order":0,"comment_status":"closed","ping_status":"closed","template":"","meta":{"footnotes":""},"class_list":["post-1989","page","type-page","status-publish","hentry"],"yoast_head":"<!-- This site is optimized with the Yoast SEO plugin v26.6 - https:\/\/yoast.com\/wordpress\/plugins\/seo\/ -->\n<title>Aviso legal - Dimaq XXI<\/title>\n<meta name=\"robots\" content=\"index, follow, max-snippet:-1, max-image-preview:large, max-video-preview:-1\" \/>\n<link rel=\"canonical\" href=\"https:\/\/dimaq.net\/en\/legal-warning\/\" \/>\n<meta property=\"og:locale\" content=\"en_US\" \/>\n<meta property=\"og:type\" content=\"article\" \/>\n<meta property=\"og:title\" content=\"Aviso legal - Dimaq XXI\" \/>\n<meta property=\"og:description\" content=\"Legal warning This legal warning (henceforth, el &#8220;Legal Warning&#8221;) regulates the use of the Internet portal service http:\/\/www.dimaq.net (henceforth, the &#8220;Web&#8221;) from DIMAQ XXI S.L. based in Pol. Txiplau, Pab. 13.1, 20280 Hondarribia, Gipuzkoa, with CIF B20797528. Legislation In general, relations between DIMAQ XXI S.L. and users of their telematic services, over the Internet, are [&hellip;]\" \/>\n<meta property=\"og:url\" content=\"https:\/\/dimaq.net\/en\/legal-warning\/\" \/>\n<meta property=\"og:site_name\" content=\"Dimaq XXI\" \/>\n<meta property=\"article:modified_time\" content=\"2018-04-03T10:42:56+00:00\" \/>\n<meta name=\"twitter:card\" content=\"summary_large_image\" \/>\n<meta name=\"twitter:label1\" content=\"Est. reading time\" \/>\n\t<meta name=\"twitter:data1\" content=\"13 minutes\" \/>\n<script type=\"application\/ld+json\" class=\"yoast-schema-graph\">{\"@context\":\"https:\/\/schema.org\",\"@graph\":[{\"@type\":\"WebPage\",\"@id\":\"https:\/\/dimaq.net\/en\/legal-warning\/\",\"url\":\"https:\/\/dimaq.net\/en\/legal-warning\/\",\"name\":\"Aviso legal - Dimaq XXI\",\"isPartOf\":{\"@id\":\"https:\/\/dimaq.net\/#website\"},\"datePublished\":\"2017-09-25T13:51:16+00:00\",\"dateModified\":\"2018-04-03T10:42:56+00:00\",\"breadcrumb\":{\"@id\":\"https:\/\/dimaq.net\/en\/legal-warning\/#breadcrumb\"},\"inLanguage\":\"en-US\",\"potentialAction\":[{\"@type\":\"ReadAction\",\"target\":[\"https:\/\/dimaq.net\/en\/legal-warning\/\"]}]},{\"@type\":\"BreadcrumbList\",\"@id\":\"https:\/\/dimaq.net\/en\/legal-warning\/#breadcrumb\",\"itemListElement\":[{\"@type\":\"ListItem\",\"position\":1,\"name\":\"Portada\",\"item\":\"https:\/\/dimaq.net\/en\/\"},{\"@type\":\"ListItem\",\"position\":2,\"name\":\"Aviso legal\"}]},{\"@type\":\"WebSite\",\"@id\":\"https:\/\/dimaq.net\/#website\",\"url\":\"https:\/\/dimaq.net\/\",\"name\":\"Dimaq-maquinaria para alimentaci\u00f3n\",\"description\":\"Maquinaria para alimentaci\u00f3n, cortadora fileteadora de pollo y carne\",\"publisher\":{\"@id\":\"https:\/\/dimaq.net\/#organization\"},\"potentialAction\":[{\"@type\":\"SearchAction\",\"target\":{\"@type\":\"EntryPoint\",\"urlTemplate\":\"https:\/\/dimaq.net\/?s={search_term_string}\"},\"query-input\":{\"@type\":\"PropertyValueSpecification\",\"valueRequired\":true,\"valueName\":\"search_term_string\"}}],\"inLanguage\":\"en-US\"},{\"@type\":\"Organization\",\"@id\":\"https:\/\/dimaq.net\/#organization\",\"name\":\"Dimaq XXI, S.L.\",\"url\":\"https:\/\/dimaq.net\/\",\"logo\":{\"@type\":\"ImageObject\",\"inLanguage\":\"en-US\",\"@id\":\"https:\/\/dimaq.net\/#\/schema\/logo\/image\/\",\"url\":\"https:\/\/dimaq.net\/wp-content\/uploads\/2024\/11\/logo-Dimaq-2000x1000-1.png\",\"contentUrl\":\"https:\/\/dimaq.net\/wp-content\/uploads\/2024\/11\/logo-Dimaq-2000x1000-1.png\",\"width\":2000,\"height\":1000,\"caption\":\"Dimaq XXI, S.L.\"},\"image\":{\"@id\":\"https:\/\/dimaq.net\/#\/schema\/logo\/image\/\"},\"sameAs\":[\"https:\/\/www.linkedin.com\/company\/dimaq-xxi-s-l\"]}]}<\/script>\n<!-- \/ Yoast SEO plugin. -->","yoast_head_json":{"title":"Aviso legal - Dimaq XXI","robots":{"index":"index","follow":"follow","max-snippet":"max-snippet:-1","max-image-preview":"max-image-preview:large","max-video-preview":"max-video-preview:-1"},"canonical":"https:\/\/dimaq.net\/en\/legal-warning\/","og_locale":"en_US","og_type":"article","og_title":"Aviso legal - Dimaq XXI","og_description":"Legal warning This legal warning (henceforth, el &#8220;Legal Warning&#8221;) regulates the use of the Internet portal service http:\/\/www.dimaq.net (henceforth, the &#8220;Web&#8221;) from DIMAQ XXI S.L. based in Pol. Txiplau, Pab. 13.1, 20280 Hondarribia, Gipuzkoa, with CIF B20797528. Legislation In general, relations between DIMAQ XXI S.L. and users of their telematic services, over the Internet, are [&hellip;]","og_url":"https:\/\/dimaq.net\/en\/legal-warning\/","og_site_name":"Dimaq XXI","article_modified_time":"2018-04-03T10:42:56+00:00","twitter_card":"summary_large_image","twitter_misc":{"Est. reading time":"13 minutes"},"schema":{"@context":"https:\/\/schema.org","@graph":[{"@type":"WebPage","@id":"https:\/\/dimaq.net\/en\/legal-warning\/","url":"https:\/\/dimaq.net\/en\/legal-warning\/","name":"Aviso legal - Dimaq XXI","isPartOf":{"@id":"https:\/\/dimaq.net\/#website"},"datePublished":"2017-09-25T13:51:16+00:00","dateModified":"2018-04-03T10:42:56+00:00","breadcrumb":{"@id":"https:\/\/dimaq.net\/en\/legal-warning\/#breadcrumb"},"inLanguage":"en-US","potentialAction":[{"@type":"ReadAction","target":["https:\/\/dimaq.net\/en\/legal-warning\/"]}]},{"@type":"BreadcrumbList","@id":"https:\/\/dimaq.net\/en\/legal-warning\/#breadcrumb","itemListElement":[{"@type":"ListItem","position":1,"name":"Portada","item":"https:\/\/dimaq.net\/en\/"},{"@type":"ListItem","position":2,"name":"Aviso legal"}]},{"@type":"WebSite","@id":"https:\/\/dimaq.net\/#website","url":"https:\/\/dimaq.net\/","name":"Dimaq-maquinaria para alimentaci\u00f3n","description":"Maquinaria para alimentaci\u00f3n, cortadora fileteadora de pollo y carne","publisher":{"@id":"https:\/\/dimaq.net\/#organization"},"potentialAction":[{"@type":"SearchAction","target":{"@type":"EntryPoint","urlTemplate":"https:\/\/dimaq.net\/?s={search_term_string}"},"query-input":{"@type":"PropertyValueSpecification","valueRequired":true,"valueName":"search_term_string"}}],"inLanguage":"en-US"},{"@type":"Organization","@id":"https:\/\/dimaq.net\/#organization","name":"Dimaq XXI, S.L.","url":"https:\/\/dimaq.net\/","logo":{"@type":"ImageObject","inLanguage":"en-US","@id":"https:\/\/dimaq.net\/#\/schema\/logo\/image\/","url":"https:\/\/dimaq.net\/wp-content\/uploads\/2024\/11\/logo-Dimaq-2000x1000-1.png","contentUrl":"https:\/\/dimaq.net\/wp-content\/uploads\/2024\/11\/logo-Dimaq-2000x1000-1.png","width":2000,"height":1000,"caption":"Dimaq XXI, S.L."},"image":{"@id":"https:\/\/dimaq.net\/#\/schema\/logo\/image\/"},"sameAs":["https:\/\/www.linkedin.com\/company\/dimaq-xxi-s-l"]}]}},"_links":{"self":[{"href":"https:\/\/dimaq.net\/en\/wp-json\/wp\/v2\/pages\/1989","targetHints":{"allow":["GET"]}}],"collection":[{"href":"https:\/\/dimaq.net\/en\/wp-json\/wp\/v2\/pages"}],"about":[{"href":"https:\/\/dimaq.net\/en\/wp-json\/wp\/v2\/types\/page"}],"author":[{"embeddable":true,"href":"https:\/\/dimaq.net\/en\/wp-json\/wp\/v2\/users\/2"}],"replies":[{"embeddable":true,"href":"https:\/\/dimaq.net\/en\/wp-json\/wp\/v2\/comments?post=1989"}],"version-history":[{"count":3,"href":"https:\/\/dimaq.net\/en\/wp-json\/wp\/v2\/pages\/1989\/revisions"}],"predecessor-version":[{"id":2072,"href":"https:\/\/dimaq.net\/en\/wp-json\/wp\/v2\/pages\/1989\/revisions\/2072"}],"wp:attachment":[{"href":"https:\/\/dimaq.net\/en\/wp-json\/wp\/v2\/media?parent=1989"}],"curies":[{"name":"wp","href":"https:\/\/api.w.org\/{rel}","templated":true}]}}